{"id":35,"date":"2017-12-28T14:27:52","date_gmt":"2017-12-28T13:27:52","guid":{"rendered":"http:\/\/www.jmdeutsch.de\/kathrinkoenig\/?page_id=35"},"modified":"2024-07-09T13:28:08","modified_gmt":"2024-07-09T11:28:08","slug":"sanierungsberatung","status":"publish","type":"page","link":"https:\/\/www.ra-kathrin-koenig.de\/index.php\/sanierungsberatung\/","title":{"rendered":"Sanierungsberatung"},"content":{"rendered":"<p>[vc_row][vc_column][vc_column_text]Bei Liquidit\u00e4tsschwierigkeiten, unabh\u00e4ngig davon, welchen Grad sie erreicht haben, steht die Kanzlei mit Beratungsleistungen zur Verf\u00fcgung, die insbesondere das Ziel haben, eine Insolvenz zu vermeiden.<\/p>\n<p>In erster Linie geht es darum, es nicht zu weiteren Liquidit\u00e4tseinbu\u00dfen kommen zu lassen, sondern die Liquidit\u00e4t zu st\u00e4rken. Folgende Ma\u00dfnahmen kommen in Betracht:<\/p>\n<div style=\"text-indent: 5px;\"><span id=\"zeichen\" class=\"user-select\">\u2022<\/span> Erh\u00f6hung der Kreditlinie bei der Hausbank, nachdem zuvor gekl\u00e4rt ist, ob und inwieweit der Bank Sicherheiten aus dem Unternehmen angeboten werden k\u00f6nnten und zwar ohne Ihr Haftungsrisiko zu erh\u00f6hen<\/div>\n<div style=\"text-indent: 5px;\"><span id=\"zeichen\" class=\"user-select\">\u2022<\/span> Gespr\u00e4che mit Lieferanten \u00fcber die Verl\u00e4ngerung der Zahlungsziele, gegebenenfalls durch Abschluss von Moratorien<\/div>\n<div style=\"text-indent: 5px;\"><span id=\"zeichen\" class=\"user-select\">\u2022<\/span> Aktivierung eines Forderungsmanagements zum schnelleren Einzug der Au\u00dfenst\u00e4nde gegebenenfalls durch die Schaffung von Zahlungsanreizen wie der Gew\u00e4hrung von Skonti<\/div>\n<div style=\"text-indent: 5px;\"><span id=\"zeichen\" class=\"user-select\">\u2022<\/span> Schaffung zus\u00e4tzlicher Liquidit\u00e4t durch den Verkauf von Forderungen (Forfaitierung) oder durch den Verkauf von Sachanlagen mit anschlie\u00dfender Anmietung (sale and lease back)<\/div>\n<p><wbr \/><br \/>\nZu unseren Aufgaben im Rahmen einer Sanierungsberatung geh\u00f6rt die Vermeidung von Haftungsanspr\u00fcchen durch die \u00f6ffentliche Hand wie<\/p>\n<div style=\"text-indent: 5px;\"><span id=\"zeichen\" class=\"user-select\">\u2022<\/span> Finanzverwaltung<\/div>\n<div style=\"text-indent: 5px;\"><span id=\"zeichen\" class=\"user-select\">\u2022<\/span> Sozialversicherungstr\u00e4ger unter Ber\u00fccksichtigung besonderer strafrechtlicher Aspekte.<\/div>\n<div><\/div>\n<p><wbr \/><br \/>\nAbgestimmt auf Ihr Unternehmen, z\u00e4hlt es auch zu unseren regelm\u00e4\u00dfigen Leistungen, ein Insolvenzplan zu erstellen und wir sind Ihnen bei der Bearbeitung eines geeigneten Sanierungskonzept behilflich.[\/vc_column_text][\/vc_column][\/vc_row]<\/p>\n","protected":false},"excerpt":{"rendered":"<p>[vc_row][vc_column][vc_column_text]Bei Liquidit\u00e4tsschwierigkeiten, unabh\u00e4ngig davon, welchen Grad sie erreicht haben, steht die Kanzlei mit Beratungsleistungen zur Verf\u00fcgung, die insbesondere das Ziel haben, eine Insolvenz zu vermeiden. In erster Linie geht es darum, es nicht zu weiteren Liquidit\u00e4tseinbu\u00dfen kommen zu lassen, sondern die Liquidit\u00e4t zu st\u00e4rken. Folgende Ma\u00dfnahmen kommen in Betracht: \u2022 Erh\u00f6hung der Kreditlinie bei der &hellip; <a href=\"https:\/\/www.ra-kathrin-koenig.de\/index.php\/sanierungsberatung\/\" class=\"more-link\"><span class=\"screen-reader-text\">Sanierungsberatung<\/span> weiterlesen<\/a><\/p>\n","protected":false},"author":1,"featured_media":0,"parent":0,"menu_order":0,"comment_status":"closed","ping_status":"closed","template":"","meta":{"footnotes":""},"_links":{"self":[{"href":"https:\/\/www.ra-kathrin-koenig.de\/index.php\/wp-json\/wp\/v2\/pages\/35"}],"collection":[{"href":"https:\/\/www.ra-kathrin-koenig.de\/index.php\/wp-json\/wp\/v2\/pages"}],"about":[{"href":"https:\/\/www.ra-kathrin-koenig.de\/index.php\/wp-json\/wp\/v2\/types\/page"}],"author":[{"embeddable":true,"href":"https:\/\/www.ra-kathrin-koenig.de\/index.php\/wp-json\/wp\/v2\/users\/1"}],"replies":[{"embeddable":true,"href":"https:\/\/www.ra-kathrin-koenig.de\/index.php\/wp-json\/wp\/v2\/comments?post=35"}],"version-history":[{"count":50,"href":"https:\/\/www.ra-kathrin-koenig.de\/index.php\/wp-json\/wp\/v2\/pages\/35\/revisions"}],"predecessor-version":[{"id":608,"href":"https:\/\/www.ra-kathrin-koenig.de\/index.php\/wp-json\/wp\/v2\/pages\/35\/revisions\/608"}],"wp:attachment":[{"href":"https:\/\/www.ra-kathrin-koenig.de\/index.php\/wp-json\/wp\/v2\/media?parent=35"}],"curies":[{"name":"wp","href":"https:\/\/api.w.org\/{rel}","templated":true}]}}