{"id":41,"date":"2017-12-28T14:28:34","date_gmt":"2017-12-28T13:28:34","guid":{"rendered":"http:\/\/www.jmdeutsch.de\/kathrinkoenig\/?page_id=41"},"modified":"2024-07-09T13:29:00","modified_gmt":"2024-07-09T11:29:00","slug":"insolvenzberatung","status":"publish","type":"page","link":"https:\/\/www.ra-kathrin-koenig.de\/index.php\/insolvenzberatung\/","title":{"rendered":"Insolvenzberatung"},"content":{"rendered":"<p>[vc_row][vc_column][vc_column_text]Ist der Eintritt eines Insolvenzgrundes (Zahlungsunf\u00e4higkeit und\/oder \u00dcberschuldung) vorhersehbar oder ist ein Insolvenzgrund bereits gegeben und Sie daher zu dem Entschluss gekommen, \u00fcber Ihr Verm\u00f6gen ein Insolvenzantrag zu stellen, so stehen wir Ihnen mit begleitenden Beratungsleistungen zur Seite. Im Einzelnen:<\/p>\n<div style=\"text-indent: 5px;\"><span class=\"postbody\">\u2022<\/span> Es wird gepr\u00fcft, ob tats\u00e4chlich eine Insolvenzreife vorliegt oder ob andere L\u00f6sungen, um der Situation Herr zu werden, in Betracht kommen.<\/div>\n<p><wbr \/><br \/>\n<strong>Das w\u00e4ren:<\/strong><\/p>\n<div style=\"text-indent: 5px;\"><span class=\"postbody\">\u2022<\/span> Au\u00dfergerichtlicher Quotenvergleich<\/div>\n<div style=\"text-indent: 5px;\"><span class=\"postbody\">\u2022<\/span> Au\u00dfergerichtlicher Quotenvergleich mit Besserungschein<\/div>\n<div style=\"text-indent: 5px;\"><span class=\"postbody\">\u2022<\/span> Au\u00dfergerichtlicher Stilllegungsvergleich<\/div>\n<p><wbr \/><br \/>\nIm Vorfeld des Insolvenzantrages ist insbesondere zu pr\u00fcfen, ob gegen\u00fcber Gesellschaftern und\/ oder Gesch\u00e4ftsf\u00fchrern Haftungsanspr\u00fcche Dritter bestehen, um so dann L\u00f6sungen zu erarbeiten und Ma\u00dfnahmen zu treffen, derartige Anspr\u00fcche abzuwehren. Au\u00dferdem geh\u00f6rt zu unseren Aufgaben die Erstellung eines Insolvenzantrages nebst aller vom Insolvenzgericht geforderter Erkl\u00e4rungen einschlie\u00dflich der Unterlagen, die dem Insolvenzgericht erm\u00f6glichen sich \u00fcber die Verm\u00f6gens- und Liquidit\u00e4tslage des Antragstellers ein Bild zu machen.<\/p>\n<p>Insbesondere handelt es sich um die Jahresabschl\u00fcsse der letzten drei Jahre, um Debitoren- und Kreditorenaufstellungen sowie die Buchf\u00fchrung der letzten zw\u00f6lf Monate (Journal und Sachkonten).<\/p>\n<p>Weiterf\u00fchrend kann die Insolvenzabteilung, nachdem das Insolvenzverfahren er\u00f6ffnet ist, Sie beraten und achtet u.a. darauf, dass Sie Ihren Auskunfts- und Mitwirkungspflichten gegen\u00fcber dem Insolvenzverwalter ordnungsgem\u00e4\u00df nachkommen.[\/vc_column_text][\/vc_column][\/vc_row]<\/p>\n","protected":false},"excerpt":{"rendered":"<p>[vc_row][vc_column][vc_column_text]Ist der Eintritt eines Insolvenzgrundes (Zahlungsunf\u00e4higkeit und\/oder \u00dcberschuldung) vorhersehbar oder ist ein Insolvenzgrund bereits gegeben und Sie daher zu dem Entschluss gekommen, \u00fcber Ihr Verm\u00f6gen ein Insolvenzantrag zu stellen, so stehen wir Ihnen mit begleitenden Beratungsleistungen zur Seite. Im Einzelnen: \u2022 Es wird gepr\u00fcft, ob tats\u00e4chlich eine Insolvenzreife vorliegt oder ob andere L\u00f6sungen, um der &hellip; <a href=\"https:\/\/www.ra-kathrin-koenig.de\/index.php\/insolvenzberatung\/\" class=\"more-link\"><span class=\"screen-reader-text\">Insolvenzberatung<\/span> weiterlesen<\/a><\/p>\n","protected":false},"author":1,"featured_media":0,"parent":0,"menu_order":0,"comment_status":"closed","ping_status":"closed","template":"","meta":{"footnotes":""},"_links":{"self":[{"href":"https:\/\/www.ra-kathrin-koenig.de\/index.php\/wp-json\/wp\/v2\/pages\/41"}],"collection":[{"href":"https:\/\/www.ra-kathrin-koenig.de\/index.php\/wp-json\/wp\/v2\/pages"}],"about":[{"href":"https:\/\/www.ra-kathrin-koenig.de\/index.php\/wp-json\/wp\/v2\/types\/page"}],"author":[{"embeddable":true,"href":"https:\/\/www.ra-kathrin-koenig.de\/index.php\/wp-json\/wp\/v2\/users\/1"}],"replies":[{"embeddable":true,"href":"https:\/\/www.ra-kathrin-koenig.de\/index.php\/wp-json\/wp\/v2\/comments?post=41"}],"version-history":[{"count":36,"href":"https:\/\/www.ra-kathrin-koenig.de\/index.php\/wp-json\/wp\/v2\/pages\/41\/revisions"}],"predecessor-version":[{"id":609,"href":"https:\/\/www.ra-kathrin-koenig.de\/index.php\/wp-json\/wp\/v2\/pages\/41\/revisions\/609"}],"wp:attachment":[{"href":"https:\/\/www.ra-kathrin-koenig.de\/index.php\/wp-json\/wp\/v2\/media?parent=41"}],"curies":[{"name":"wp","href":"https:\/\/api.w.org\/{rel}","templated":true}]}}